{"id":148,"date":"2017-05-10T05:32:35","date_gmt":"2017-05-10T05:32:35","guid":{"rendered":"https:\/\/aconcaguaexpeditions.com\/frances\/?page_id=148"},"modified":"2020-08-06T05:31:37","modified_gmt":"2020-08-06T05:31:37","slug":"enterratorioincaico","status":"publish","type":"page","link":"https:\/\/aconcaguaexpeditions.com\/frances\/8\/enterratorioincaico.htm","title":{"rendered":"Un cimiti\u00e8re inca \u00e8 5200 m\u00e8tres"},"content":{"rendered":"<!DOCTYPE html PUBLIC \"-\/\/W3C\/\/DTD HTML 4.0 Transitional\/\/EN\" \"http:\/\/www.w3.org\/TR\/REC-html40\/loose.dtd\">\n<html><body><div data-elementor-type=\"wp-page\" data-elementor-id=\"148\" class=\"elementor elementor-148\">\n\t\t\t\t\t\t<div class=\"elementor-inner\">\n\t\t\t\t<div class=\"elementor-section-wrap\">\n\t\t\t\t\t\t\t\t\t<section class=\"elementor-section elementor-top-section elementor-element elementor-element-0f6ef28 elementor-section-boxed elementor-section-height-default elementor-section-height-default\" data-id=\"0f6ef28\" data-element_type=\"section\">\n\t\t\t\t\t\t<div class=\"elementor-container elementor-column-gap-default\">\n\t\t\t\t\t\t\t<div class=\"elementor-row\">\n\t\t\t\t\t<div class=\"elementor-column elementor-col-100 elementor-top-column elementor-element elementor-element-ae1f9dc\" data-id=\"ae1f9dc\" data-element_type=\"column\">\n\t\t\t<div class=\"elementor-column-wrap elementor-element-populated\">\n\t\t\t\t\t\t\t<div class=\"elementor-widget-wrap\">\n\t\t\t\t\t\t<div class=\"elementor-element elementor-element-f7c7f6a entry-title elementor-widget elementor-widget-heading\" data-id=\"f7c7f6a\" data-element_type=\"widget\" data-widget_type=\"heading.default\">\n\t\t\t\t<div class=\"elementor-widget-container\">\n\t\t\t<p class=\"elementor-heading-title elementor-size-default\">Un cimiti&egrave;re inca<\/p>\t\t<\/div>\n\t\t\t\t<\/div>\n\t\t\t\t<div class=\"elementor-element elementor-element-bde509c entry-subtitle elementor-widget elementor-widget-heading\" data-id=\"bde509c\" data-element_type=\"widget\" data-widget_type=\"heading.default\">\n\t\t\t\t<div class=\"elementor-widget-container\">\n\t\t\t<h2 class=\"elementor-heading-title elementor-size-default\">Mont Aconcagua &ndash; <span>Argentine<\/span> <\/h2>\t\t<\/div>\n\t\t\t\t<\/div>\n\t\t\t\t<div class=\"elementor-element elementor-element-1f91aaa elementor-widget elementor-widget-text-editor\" data-id=\"1f91aaa\" data-element_type=\"widget\" data-widget_type=\"text-editor.default\">\n\t\t\t\t<div class=\"elementor-widget-container\">\n\t\t\t\t\t\t\t\t<div class=\"elementor-text-editor elementor-clearfix\">\n\t\t\t\t\n<p><img class=\"lazyload fr\" data-src=\"https:\/\/aconcaguaexpeditions.com\/wp-content\/themes\/aconcagua\/images\/momia1.jpg\"> Le Parc poss&egrave;de aussi une certaine importance historico-culturelle. En 1982, une exp&eacute;dition du Club Andinista Mendoza, dirig&eacute;e par Gabriel Cabrera et accompagn&eacute; par les fr&egrave;res, Fernando et Juan Carlos Pierobon, et Franco et Alberto Pizzolon, essaye de terminer la route par l&rsquo;ar&ecirc;te Sud. L&rsquo;&eacute;quipe trouve sur Filo de la Pir&aacute;mide, &agrave; 5.200 m&egrave;tres, une momie inca de 500 ans de antiquit&eacute;.<\/p>\n<p>Environ un mois plus tard, le 23 janvier, les alpinistes et une &eacute;quipe d&rsquo;arch&eacute;ologues sont partispour le sauvetage de la momie.<\/p>\n<p><n>On January 28<\/n>, they arrived at the discovery site. It was the beginning of a triangular spur called the Pyramid. Fifty meters away, there is another large wall that must have constituted an insurmountable obstacle for the Indians, in case they wanted to continue ascending this way.<\/p>\n<p>Le 28 janvier, ils arrivent sur le site de la d&eacute;couverte. Il s&rsquo;agissait du d&eacute;but du contrefort &agrave; la forme triangulaire appel&eacute; Pyramide. A quelques 50 m&egrave;tres on trouve une autre falaise, ce serait l&lsquo;obstacle insurmontable pour les Incas, dans l&rsquo;hypoth&egrave;se qu&rsquo;ils auraient voulu le surmonter.<\/p>\n<p>Pendant deux journ&eacute;es de travail, le site a &eacute;t&eacute; relev&eacute; et explor&eacute;, retrouvant deux murets &eacute;pais semi-circulaires faits<\/p>\n<p>de pierres et de boue, en ruines, et un cercle de pierres d&rsquo;un m&egrave;tre de circonf&eacute;rence. Entre le mat&eacute;riau de remplissage et prot&eacute;g&eacute; par un des murets, on a trouv&eacute; un cerceuil fun&eacute;raire primitif contenant le corps agenouill&eacute; d&rsquo;un enfant de 7 ans. Il &eacute;tait envelopp&eacute; dans de nombreux tissus dont l&rsquo;ext&eacute;rieur &eacute;tait un manteau totalement orn&eacute; des plumes jaunes, possiblement d&rsquo;un perroquet. Quant aux restes d&rsquo;herbes que les alpinistas avaient cru voir, cela correspondait &agrave; une huppe de plumes jaunes et noires. A l&lsquo;int&eacute;rieur on pouvait appercevoir le cerveau, d&eacute;truit par la deshydratation.<\/p>\n<p>Apr&egrave;s des heures de travail, la protection enveloppant la momie a &eacute;t&eacute; soigneusement retir&eacute;e du permafrost (terre congel&eacute;e) o&ugrave; il se trouvait. Tandis que les arche&oacute;logues s&rsquo;occupaient de l&rsquo;emballage et des pr&eacute;paratifs pour la descente, un autre groupe continuait l&rsquo;excavation, pour atteindre la base du muret. Ils ont eu la chance de retrouver -dans le m&ecirc;me mat&eacute;riau de remplissage de la momie- six magnifiques statuettes du style inca. Ce tr&eacute;sor, sans doute d&rsquo;importance symbolique, a un rapport direct avec d&rsquo;autres sites archeol&oacute;giques des Andes.<\/p>\n<p>L&rsquo;extraction et l&rsquo;examen pr&eacute;liminaire de cette retrouvaille ont &eacute;t&eacute; le moment culminant de l&rsquo;exp&eacute;dition. A la fin des excavations on a retrouv&eacute; aussi une paire de sandales (ojotas) de fibres tress&eacute;es, et deux petits sacs du m&ecirc;me mat&eacute;riau, dans un desquels il y avait des &eacute;l&eacute;ments v&eacute;g&eacute;taux, qui apr&egrave;s analyse se sont av&eacute;r&eacute;s &ecirc;tre une vari&eacute;t&eacute; rare de haricots, qui &eacute;taient cuits. D&rsquo;ailleurs, il est tr&egrave;s clair qu&rsquo;il s&rsquo;agissait d&rsquo;un aliment symbolique servant au passage pour l&rsquo;au-del&agrave;. L&rsquo;exp&eacute;dition revient &agrave; Mendoza le 31 Janvier. L&rsquo;investigation post&eacute;rieure a &eacute;t&eacute; men&eacute;e par l&rsquo;Universit&eacute; Nationale de Cuyo, o&ugrave; on conserve cette d&eacute;couverte dans le Mus&eacute;e d&rsquo;Arch&eacute;ologie.<\/p>\n<img style=\"width:100%\" class=\"lazyload \" data-src=\"https:\/\/aconcaguaexpeditions.com\/wp-content\/themes\/aconcagua\/images\/momia2.jpg\">\t\t\t\t\t<\/div>\n\t\t\t\t\t\t<\/div>\n\t\t\t\t<\/div>\n\t\t\t\t\t\t<\/div>\n\t\t\t\t\t<\/div>\n\t\t<\/div>\n\t\t\t\t\t\t\t\t<\/div>\n\t\t\t\t\t<\/div>\n\t\t<\/section>\n\t\t\t\t\t\t\t\t\t<\/div>\n\t\t\t<\/div>\n\t\t\t\t\t<\/div>\n\t\t<\/body><\/html>\n","protected":false},"excerpt":{"rendered":"<p>Un cimiti&egrave;re inca Mont Aconcagua &ndash; Argentine Le Parc poss&egrave;de aussi une certaine importance historico-culturelle. En 1982, une exp&eacute;dition du Club Andinista Mendoza, dirig&eacute;e par Gabriel Cabrera et accompagn&eacute; par les fr&egrave;res, Fernando et Juan Carlos Pierobon, et Franco et Alberto Pizzolon, essaye de terminer la route par l&rsquo;ar&ecirc;te Sud. L&rsquo;&eacute;quipe trouve sur Filo de [&hellip;]<\/p>\n","protected":false},"author":1,"featured_media":0,"parent":335,"menu_order":0,"comment_status":"closed","ping_status":"closed","template":"template-page-notitle-fullwidth.php","meta":{"footnotes":""},"class_list":["post-148","page","type-page","status-publish","hentry"],"_links":{"self":[{"href":"https:\/\/aconcaguaexpeditions.com\/frances\/wp-json\/wp\/v2\/pages\/148"}],"collection":[{"href":"https:\/\/aconcaguaexpeditions.com\/frances\/wp-json\/wp\/v2\/pages"}],"about":[{"href":"https:\/\/aconcaguaexpeditions.com\/frances\/wp-json\/wp\/v2\/types\/page"}],"author":[{"embeddable":true,"href":"https:\/\/aconcaguaexpeditions.com\/frances\/wp-json\/wp\/v2\/users\/1"}],"replies":[{"embeddable":true,"href":"https:\/\/aconcaguaexpeditions.com\/frances\/wp-json\/wp\/v2\/comments?post=148"}],"version-history":[{"count":2,"href":"https:\/\/aconcaguaexpeditions.com\/frances\/wp-json\/wp\/v2\/pages\/148\/revisions"}],"predecessor-version":[{"id":1145,"href":"https:\/\/aconcaguaexpeditions.com\/frances\/wp-json\/wp\/v2\/pages\/148\/revisions\/1145"}],"up":[{"embeddable":true,"href":"https:\/\/aconcaguaexpeditions.com\/frances\/wp-json\/wp\/v2\/pages\/335"}],"wp:attachment":[{"href":"https:\/\/aconcaguaexpeditions.com\/frances\/wp-json\/wp\/v2\/media?parent=148"}],"curies":[{"name":"wp","href":"https:\/\/api.w.org\/{rel}","templated":true}]}}